{"id":2,"date":"2010-10-21T10:34:19","date_gmt":"2010-10-21T15:34:19","guid":{"rendered":"http:\/\/efhc.mx\/wp\/?page_id=2"},"modified":"2018-10-14T16:58:01","modified_gmt":"2018-10-14T21:58:01","slug":"about","status":"publish","type":"page","link":"https:\/\/efhc.mx\/wp\/about\/","title":{"rendered":"Acerca de"},"content":{"rendered":"<p style=\"text-align: center;\" align=\"center\"><b>EFHC.MX<\/b><\/p>\n<p align=\"center\">\n<p style=\"text-align: left;\" align=\"center\">El nombre de dominio efhc.mx fue de los primeros .mx registrados en M\u00e9xico con la re-apertura al publico de los dominios .mx directos,<br \/>\nen la gran campa\u00f1a de NIC del 2009, este proceso se llev\u00f3 acabo en 3 etapas:<br \/>\nPeriodo de pre-registro, Periodo de espera y Periodo de registro inicial.<br \/>\nEFHC.MX qued\u00f3 dado de alta en octubre 2009.<\/p>\n<p style=\"text-align: left;\" align=\"center\">EFHC.MX ofrece asesor\u00edas en:<\/p>\n<p style=\"text-align: left;\" align=\"center\">Electr\u00f3nica, Electricidad, Instrumentaci\u00f3n, Computaci\u00f3n, Audio y video, Web, Video Rockolas y mucho mas.<\/p>\n<p style=\"text-align: left;\" align=\"center\">Edici\u00f3n de audio y video, grabaci\u00f3n de spots audio y video, audios para conmutador, dise\u00f1o electr\u00f3nico, electricidad, dise\u00f1o de software, venta, reparaci\u00f3n y mantenimiento de computadoras personales y equipo electr\u00f3nico e industrial, instalaci\u00f3n, reparaci\u00f3n y mantenimiento de aires acondicionados, actualizaci\u00f3n modificaci\u00f3n y reparaci\u00f3n de Rockolas digitales, reparaci\u00f3n y modificaci\u00f3n de instrumentos musicales el\u00e9ctricos y sus accesorios (Guitarras, bajos, cellos, teclados, pedales de efectos, etc.), reparaci\u00f3n de todo lo relacionado con electr\u00f3nica\/electricidad\/computo.<\/p>\n<p style=\"text-align: left;\" align=\"center\">En la\u00a0secci\u00f3n <a href=\"https:\/\/efhc.mx\/wp\/\" target=\"_blank\" rel=\"noopener\">blog <\/a>contamos con interesantes art\u00edculos de electricidad, electr\u00f3nica, computaci\u00f3n, audio, video y mucho m\u00e1s&#8230;<\/p>\n<p style=\"text-align: left;\" align=\"center\">Blog\u00a0 que inicia operaciones en octubre de 2010<\/p>\n<p style=\"text-align: left;\" align=\"center\">En la secci\u00f3n de <a href=\"https:\/\/efhc.mx\/wp\/c\/\" target=\"_blank\" rel=\"noopener\">computaci\u00f3n <\/a>podr\u00e1n encontrar herramientas para medir la velocidad y calidad de su conexi\u00f3n a Internet, as\u00ed como links a diversos programas y videos relacionados al software y hardware.<\/p>\n<p style=\"text-align: left;\" align=\"center\">En la secci\u00f3n de <a href=\"https:\/\/efhc.mx\/wp\/ayv\" target=\"_blank\" rel=\"noopener\">audio y video<\/a> est\u00e1 disponible informaci\u00f3n de servicios de Audio y video, video relacionado, as\u00ed como \u00a0algunos\u00a0sonidos para sus Twitts en <a href=\"https:\/\/www.twitter.com\/efhc12\" target=\"_blank\" rel=\"noopener\">Twitter<\/a> y dem\u00e1s redes sociales. Los efectos de audio mas populares se encuentran en la secci\u00f3n <a href=\"https:\/\/efhc.mx\/wp\/minisfx\/\" target=\"_blank\" rel=\"noopener\">MiniSFX<\/a>. Pueden votar por sus favoritos de la secci\u00f3n audio y video para que escalen a la secci\u00f3n de MiniSFX, as\u00ed como tambi\u00e9n sugerir nuevos audios. Siempre ser\u00e1n gratis. \ud83d\ude00<\/p>\n<p style=\"text-align: left;\" align=\"center\">En la secci\u00f3n <a href=\"https:\/\/efhc.mx\/wp\/vid\" target=\"_blank\" rel=\"noopener\">videos<\/a>, podr\u00e1 encontrar listas de reproducci\u00f3n de nuestro\u00a0<a href=\"https:\/\/www.youtube.com\/user\/efhc12\" target=\"_blank\" rel=\"noopener\">canal de Youtube<\/a>.<\/p>\n<p style=\"text-align: left;\" align=\"center\">En la secci\u00f3n <a href=\"https:\/\/efhc.mx\/wp\/aire-acondicionado\/\" target=\"_blank\" rel=\"noopener\">A\/C<\/a>, usted podr\u00e1 encontrar informaci\u00f3n relacionada a aires acondicionados y algunos de los servicios prestados por EFHC<\/p>\n<p style=\"text-align: left;\" align=\"center\">Puede usted revisar las recomendaciones de nuestros clientes en la secci\u00f3n <a href=\"https:\/\/efhc.mx\/wp\/clients\/\" target=\"_blank\" rel=\"noopener\">Clientes<\/a>, o hacer comentarios al respecto de los servicios prestados por EFHC<\/p>\n<p>Espero sus comentarios, y retroalimentaci\u00f3n.<\/p>\n<p>Gracias!!!<\/p>\n<p><a href=\"https:\/\/efhc.mx\/wp\/wp-content\/uploads\/2010\/10\/efhc.jpg\"><img loading=\"lazy\" decoding=\"async\" class=\"size-full wp-image-7 aligncenter\" title=\"efhc\" src=\"https:\/\/efhc.mx\/wp\/wp-content\/uploads\/2010\/10\/efhc.jpg\" alt=\"efhc\" width=\"57\" height=\"56\" \/><\/a><\/p>\n","protected":false},"excerpt":{"rendered":"<p>EFHC.MX El nombre de dominio efhc.mx fue de los primeros .mx registrados en M\u00e9xico con la re-apertura al publico de los dominios .mx directos, en la gran campa\u00f1a de NIC del 2009, este proceso se llev\u00f3 acabo en 3 etapas: Periodo de pre-registro, Periodo de espera y Periodo de registro inicial. EFHC.MX qued\u00f3 dado de [&hellip;]<\/p>\n","protected":false},"author":3,"featured_media":1056,"parent":0,"menu_order":1,"comment_status":"open","ping_status":"open","template":"","meta":{"sfsi_plus_gutenberg_text_before_share":"","sfsi_plus_gutenberg_show_text_before_share":"","sfsi_plus_gutenberg_icon_type":"","sfsi_plus_gutenberg_icon_alignemt":"","sfsi_plus_gutenburg_max_per_row":"","twitterCardType":"summary_large_image","cardImageID":0,"cardImage":"","cardTitle":"","cardDesc":"","cardImageAlt":"","cardPlayer":"","cardPlayerWidth":0,"cardPlayerHeight":0,"cardPlayerStream":"","cardPlayerCodec":"","footnotes":""},"class_list":["post-2","page","type-page","status-publish","has-post-thumbnail","hentry"],"_links":{"self":[{"href":"https:\/\/efhc.mx\/wp\/wp-json\/wp\/v2\/pages\/2","targetHints":{"allow":["GET"]}}],"collection":[{"href":"https:\/\/efhc.mx\/wp\/wp-json\/wp\/v2\/pages"}],"about":[{"href":"https:\/\/efhc.mx\/wp\/wp-json\/wp\/v2\/types\/page"}],"author":[{"embeddable":true,"href":"https:\/\/efhc.mx\/wp\/wp-json\/wp\/v2\/users\/3"}],"replies":[{"embeddable":true,"href":"https:\/\/efhc.mx\/wp\/wp-json\/wp\/v2\/comments?post=2"}],"version-history":[{"count":0,"href":"https:\/\/efhc.mx\/wp\/wp-json\/wp\/v2\/pages\/2\/revisions"}],"wp:featuredmedia":[{"embeddable":true,"href":"https:\/\/efhc.mx\/wp\/wp-json\/wp\/v2\/media\/1056"}],"wp:attachment":[{"href":"https:\/\/efhc.mx\/wp\/wp-json\/wp\/v2\/media?parent=2"}],"curies":[{"name":"wp","href":"https:\/\/api.w.org\/{rel}","templated":true}]}}