{"id":1969,"date":"2019-12-07T18:50:54","date_gmt":"2019-12-08T00:50:54","guid":{"rendered":"https:\/\/efhc.mx\/wp\/?page_id=1969"},"modified":"2019-12-07T18:53:43","modified_gmt":"2019-12-08T00:53:43","slug":"pdfs","status":"publish","type":"page","link":"https:\/\/efhc.mx\/wp\/pdfs\/","title":{"rendered":"PDFs"},"content":{"rendered":"\n<h2 class=\"wp-block-heading\">Parte de la colecci\u00f3n de PDFs de #EFHC<\/h2>\n\n\n\n<p>Si los desea ven en una p\u00e1gina individual para mayor comodidad y navegaci\u00f3n, favor de entrar aqu\u00ed: <a rel=\"noreferrer noopener\" aria-label=\"PDFs. (se abre en una nueva pesta\u00f1a)\" href=\"https:\/\/efhc.mx\/pdfs\/\" target=\"_blank\">PDFs.<\/a><\/p>\n\n\n\n<iframe loading=\"lazy\" width=\"100%\" height=\"800\" src=\"https:\/\/efhc.mx\/pdfs\/\"width: >\n  <p>Tu explorador no soporta iframes. \ud83d\ude41<\/p>\n<\/iframe>\n","protected":false},"excerpt":{"rendered":"<p>Parte de la colecci\u00f3n de PDFs de #EFHC Si los desea ven en una p\u00e1gina individual para mayor comodidad y navegaci\u00f3n, favor de entrar aqu\u00ed: PDFs. Tu explorador no soporta iframes. \ud83d\ude41<\/p>\n","protected":false},"author":3,"featured_media":0,"parent":0,"menu_order":8,"comment_status":"closed","ping_status":"closed","template":"","meta":{"sfsi_plus_gutenberg_text_before_share":"","sfsi_plus_gutenberg_show_text_before_share":"","sfsi_plus_gutenberg_icon_type":"","sfsi_plus_gutenberg_icon_alignemt":"","sfsi_plus_gutenburg_max_per_row":"","twitterCardType":"","cardImageID":0,"cardImage":"","cardTitle":"","cardDesc":"","cardImageAlt":"","cardPlayer":"","cardPlayerWidth":0,"cardPlayerHeight":0,"cardPlayerStream":"","cardPlayerCodec":"","footnotes":""},"class_list":["post-1969","page","type-page","status-publish","hentry"],"_links":{"self":[{"href":"https:\/\/efhc.mx\/wp\/wp-json\/wp\/v2\/pages\/1969","targetHints":{"allow":["GET"]}}],"collection":[{"href":"https:\/\/efhc.mx\/wp\/wp-json\/wp\/v2\/pages"}],"about":[{"href":"https:\/\/efhc.mx\/wp\/wp-json\/wp\/v2\/types\/page"}],"author":[{"embeddable":true,"href":"https:\/\/efhc.mx\/wp\/wp-json\/wp\/v2\/users\/3"}],"replies":[{"embeddable":true,"href":"https:\/\/efhc.mx\/wp\/wp-json\/wp\/v2\/comments?post=1969"}],"version-history":[{"count":0,"href":"https:\/\/efhc.mx\/wp\/wp-json\/wp\/v2\/pages\/1969\/revisions"}],"wp:attachment":[{"href":"https:\/\/efhc.mx\/wp\/wp-json\/wp\/v2\/media?parent=1969"}],"curies":[{"name":"wp","href":"https:\/\/api.w.org\/{rel}","templated":true}]}}