{"id":1353,"date":"2016-01-10T23:20:48","date_gmt":"2016-01-11T05:20:48","guid":{"rendered":"http:\/\/efhc.mx\/wp\/?page_id=1353"},"modified":"2020-03-16T20:16:44","modified_gmt":"2020-03-17T02:16:44","slug":"ayv","status":"publish","type":"page","link":"https:\/\/efhc.mx\/wp\/ayv\/","title":{"rendered":"Audio y video"},"content":{"rendered":"\n<p style=\"text-align: center;\">EFHC.MX<\/p>\n<p>Editando audio digitalmente desde 1999 y video desde 2001<\/p>\n<p>EFHC.MX ofrece sus servicios de edici\u00f3n de audio y video, grabaci\u00f3n de spots audio y video, autoria de DVD as\u00ed como tambi\u00e9n un servicio gratuito para agregar sonidos a tus Twitts en Twitter o en cualquier red social. <a href=\"https:\/\/efhc.mx\/wp\/minisfx\/\" target=\"_blank\" rel=\"noopener noreferrer\">MiniSFX<\/a><\/p>\n<p>Entrevistas, spots comerciales, documentales, trabajos escolares, todo lo relacionado a producci\u00f3n de audio y video.<\/p>\n<p>Edici\u00f3n no lineal de video usando programas profesionales (Adobe premiere, Adobe After effects)<\/p>\n<p>Dise\u00f1o, mantenimiento, reparaci\u00f3n y modificaci\u00f3n de circuitos de audio en general, amplificadores, bocinas amplificadas, etc.<\/p>\n<p>Autoria de DVD en Sony DVD architect<\/p>\n<p>Edici\u00f3n de audio en Adobe audition, elaboraci\u00f3n de comerciales, jingles, promocionales, grabaciones para conmutador, etc.<\/p>\n<p>Dise\u00f1o, mantenimiento, modificaci\u00f3n de circuitos de audio ambiental para hoteles, restaurantes, etc.<\/p>\n<p>Reparaci\u00f3n y modificaci\u00f3n de rockolas digitales.<\/p>\n<p>Reparaci\u00f3n y modificaci\u00f3n de instrumentos musicales el\u00e9ctricos y sus accesorios (Guitarras, bajos, cellos, teclados, pedales de efectos, etc.).<\/p>\n<hr>\n<p>Audio ambiental del <a href=\"http:\/\/www.posadadetampico.com.mx\/\" target=\"_blank\" rel=\"noopener noreferrer\">Hotel Posada de Tampico<\/a>, re-dise\u00f1ado por EFHC:<\/p>\n<div align=\"center\"><iframe loading=\"lazy\" src=\"https:\/\/www.youtube.com\/embed\/eC7AlFfl_TI?rel=0\" width=\"300\" height=\"169\" frameborder=\"0\" allowfullscreen=\"allowfullscreen\"><\/iframe><\/div>\n<div align=\"center\">&nbsp;<\/div>\n<div align=\"center\"><iframe loading=\"lazy\" src=\"https:\/\/www.youtube.com\/embed\/mHC5_eVnmko\" width=\"300\" height=\"169\" frameborder=\"0\" allowfullscreen=\"allowfullscreen\"><\/iframe><\/div>\n<hr>\n<p>Sonidos y efectos especiales para interactuar en redes sociales y para lo que se les ocurra:<\/p>\n<p>(Voten en comentarios por sus favoritos para pasarlos a la secci\u00f3n <a href=\"https:\/\/efhc.mx\/wp\/minisfx\/\" target=\"_blank\" rel=\"noopener noreferrer\">MiniSFX<\/a>, pueden tambi\u00e9n sugerir nuevos, siempre ser\u00e1n gratis)<\/p>\n<table border=\"1\" width=\"100%\">\n<tbody>\n<tr>\n<th>Sound<\/th>\n<th>Link<\/th>\n<\/tr>\n<tr>\n<td>\u00abSomebody do something\u00bb<br>Voz: Salma Hayek<\/td>\n<td><a href=\"https:\/\/efhc.mx\/sds\" target=\"_blank\" rel=\"noopener noreferrer\"><img loading=\"lazy\" decoding=\"async\" class=\"center\" src=\"..\/..\/Sistema Resumen_archivos\/play_icon.gif\" alt=\"Play\" width=\"64\" height=\"64\"><\/a><\/td>\n<\/tr>\n<tr>\n<td>\u00abRisa\u00bb<br>Voz: Pedro Bermea<\/td>\n<td><a href=\"https:\/\/efhc.mx\/risa1\" target=\"_blank\" rel=\"noopener noreferrer\"><img loading=\"lazy\" decoding=\"async\" class=\"center\" src=\"..\/..\/Sistema Resumen_archivos\/play_icon.gif\" alt=\"Play\" width=\"64\" height=\"64\"><\/a><\/td>\n<\/tr>\n<tr>\n<td>\u00abEs que estoy tliste yo\u00bbVoz: Wendy Leynes<\/td>\n<td><a href=\"https:\/\/efhc.mx\/triste\" target=\"_blank\" rel=\"noopener noreferrer\"><img loading=\"lazy\" decoding=\"async\" class=\"center\" src=\"..\/..\/Sistema Resumen_archivos\/play_icon.gif\" alt=\"Play\" width=\"64\" height=\"64\"><\/a><\/td>\n<\/tr>\n<tr>\n<td>\u00abCuanto necesitas\u00bb<br>Voz: Fidel Herrera<\/td>\n<td><a href=\"https:\/\/efhc.mx\/cuanto\" target=\"_blank\" rel=\"noopener noreferrer\"><img loading=\"lazy\" decoding=\"async\" class=\"center\" src=\"..\/..\/Sistema Resumen_archivos\/play_icon.gif\" alt=\"Play\" width=\"64\" height=\"64\"><\/a><\/td>\n<\/tr>\n\n<tr>\n<td>\u00abPinche asalariado de mierda, ojete!\u00bbVoz: Ladys de Polanco<\/td>\n<td><a href=\"https:\/\/efhc.mx\/lpolanco\" target=\"_blank\" rel=\"noopener noreferrer\"><img loading=\"lazy\" decoding=\"async\" class=\"center\" src=\"..\/..\/Sistema Resumen_archivos\/play_icon.gif\" alt=\"Play\" width=\"64\" height=\"64\"><\/a><\/td>\n<\/tr>\n<tr>\n<td>\u00abPuerco ara\u00f1a\u00bb<br>Voz: Homero Simpson<\/td>\n<td><a href=\"https:\/\/efhc.mx\/puercoa\" target=\"_blank\" rel=\"noopener noreferrer\"><img loading=\"lazy\" decoding=\"async\" class=\"center\" src=\"..\/..\/Sistema Resumen_archivos\/play_icon.gif\" alt=\"Play\" width=\"64\" height=\"64\"><\/a><\/td>\n<\/tr>\n<tr>\n<td>\u00abSoy el hijo del pap\u00e1\u00bbVoz: El canaca<\/td>\n<td><a href=\"https:\/\/efhc.mx\/hijo\" target=\"_blank\" rel=\"noopener noreferrer\"><img loading=\"lazy\" decoding=\"async\" class=\"center\" src=\"..\/..\/Sistema Resumen_archivos\/play_icon.gif\" alt=\"Play\" width=\"64\" height=\"64\"><\/a><\/td>\n<\/tr>\n<tr>\n<td>\u00abMi man\u00eda\u00bbLetra: Ari Telch Voz y m\u00fasica: Omar Hern\u00e1ndez<\/td>\n<td><div id=\"mp3jWrap_0\" class=\"mjp-s-wrapper s-graphic unsel-mjp outline verdana-mjp\" style=\"font-size:16px;\"><span id=\"playpause_wrap_mp3j_0\" class=\"wrap_inline_mp3j\" style=\"font-weight:700;\"><span class=\"gfxbutton_mp3j play-mjp\" id=\"playpause_mp3j_0\" style=\"font-size:16px;\">&nbsp;&nbsp;&nbsp;&nbsp;&nbsp;<\/span>&nbsp;<span class=\"group_wrap\"><span class=\"bars_mp3j\"><span class=\"loadB_mp3j\" id=\"load_mp3j_0\"><\/span><span class=\"posbarB_mp3j\" id=\"posbar_mp3j_0\"><\/span><\/span><span class=\"T_mp3j\" id=\"T_mp3j_0\" style=\"font-size:16px;\">https:\/\/efhc.mx\/ari.mp3<\/span><span class=\"indi_mp3j\" style=\"font-size:11.2px;\" id=\"statusMI_0\"><\/span><\/span><span class=\"vol_mp3j flipped\" id=\"vol_mp3j_0\"><\/span><\/span><\/div><span class=\"s-nosolution\" id=\"mp3j_nosolution_0\" style=\"display:none;\"><\/span><script>\nMP3jPLAYLISTS.inline_0 = [\n\t{ name: \"https:\/\/efhc.mx\/ari.mp3\", formats: [\"mp3\"], mp3: \"aHR0cHM6Ly9lZmhjLm14L2FyaS5tcDM=\", counterpart:\"\", artist: \"\", image: \"\", imgurl: \"\" }\n];\n<\/script>\n\n<script>MP3jPLAYERS[0] = { list: MP3jPLAYLISTS.inline_0, tr:0, type:'single', lstate:'', loop:false, play_txt:'&nbsp;&nbsp;&nbsp;&nbsp;&nbsp;', pause_txt:'&nbsp;&nbsp;&nbsp;&nbsp;&nbsp;', pp_title:'', autoplay:false, download:false, vol:100, height:'' };<\/script><\/td>\n<\/tr>\n\n<tr>\n<td>\u00abYa estamos sobre ti&#8230;\u00bbVoz: Brozo<\/td>\n<td><a href=\"https:\/\/efhc.mx\/sobreti\" target=\"_blank\" rel=\"noopener noreferrer\"><img loading=\"lazy\" decoding=\"async\" class=\"center\" src=\"..\/..\/Sistema Resumen_archivos\/play_icon.gif\" alt=\"Play\" width=\"64\" height=\"64\"><\/a><\/td>\n<\/tr>\n<tr>\n<td>\u00abYa te chingaste&#8230;\u00bb<br>Voz: Brozo<\/td>\n<td><a href=\"https:\/\/efhc.mx\/chingaste\" target=\"_blank\" rel=\"noopener noreferrer\"><img loading=\"lazy\" decoding=\"async\" class=\"center\" src=\"..\/..\/Sistema Resumen_archivos\/play_icon.gif\" alt=\"Play\" width=\"64\" height=\"64\"><\/a><\/td>\n<\/tr>\n<tr>\n<td>\u00abSi te metes con 1&#8230;\u00bbVoz: Brozo<\/td>\n<td><a href=\"https:\/\/efhc.mx\/metes\" target=\"_blank\" rel=\"noopener noreferrer\"><img loading=\"lazy\" decoding=\"async\" class=\"center\" src=\"..\/..\/Sistema Resumen_archivos\/play_icon.gif\" alt=\"Play\" width=\"64\" height=\"64\"><\/a><\/td>\n<\/tr>\n<tr>\n<td>\u00abYa estas en peligro&#8230;\u00bb<br>Voz: Brozo<\/td>\n<td><a href=\"https:\/\/efhc.mx\/peligro\" target=\"_blank\" rel=\"noopener noreferrer\"><img loading=\"lazy\" decoding=\"async\" class=\"center\" src=\"..\/..\/Sistema Resumen_archivos\/play_icon.gif\" alt=\"Play\" width=\"64\" height=\"64\"><\/a><\/td>\n<\/tr>\n\n<tr>\n<td>\u00abFue sin querer queriendo\u00bbVoz: El chavo del 8<\/td>\n<td><a href=\"https:\/\/efhc.mx\/queriendo\/\" target=\"_blank\" rel=\"noopener noreferrer\"><img loading=\"lazy\" decoding=\"async\" class=\"center\" src=\"..\/..\/Sistema Resumen_archivos\/play_icon.gif\" alt=\"Play\" width=\"64\" height=\"64\"><\/a><\/td>\n<\/tr>\n\n<tr>\n<td>\u00abFuaaa\u00bbVoz: El Fuaaa<\/td>\n<td><a href=\"https:\/\/efhc.mx\/fuaaa\" target=\"_blank\" rel=\"noopener noreferrer\"><img loading=\"lazy\" decoding=\"async\" class=\"center\" src=\"..\/..\/Sistema Resumen_archivos\/play_icon.gif\" alt=\"Play\" width=\"64\" height=\"64\"><\/a><\/td>\n<\/tr>\n<tr>\n<td>\u00abBala fr\u00eda\u00bb<br>Voz: El Ferras<\/td>\n<td><a href=\"https:\/\/efhc.mx\/balafria\" target=\"_blank\" rel=\"noopener noreferrer\"><img loading=\"lazy\" decoding=\"async\" class=\"center\" src=\"..\/..\/Sistema Resumen_archivos\/play_icon.gif\" alt=\"Play\" width=\"64\" height=\"64\"><\/a><\/td>\n<\/tr>\n<tr>\n<td>\u00abYa estuvo Ferras\u00bb<br>Voz: El Ferras<\/td>\n<td><a href=\"https:\/\/efhc.mx\/yaestuvo\" target=\"_blank\" rel=\"noopener noreferrer\"><img loading=\"lazy\" decoding=\"async\" class=\"center\" src=\"..\/..\/Sistema Resumen_archivos\/play_icon.gif\" alt=\"Play\" width=\"64\" height=\"64\"><\/a><\/td>\n<\/tr>\n<tr>\n<td>\u00abTu me vales madres!\u00bbVoz: La lady de bosques<\/td>\n<td><a href=\"https:\/\/efhc.mx\/lbosques\" target=\"_blank\" rel=\"noopener noreferrer\"><img loading=\"lazy\" decoding=\"async\" class=\"center\" src=\"..\/..\/Sistema Resumen_archivos\/play_icon.gif\" alt=\"Play\" width=\"64\" height=\"64\"><\/a><\/td>\n<\/tr>\n<tr>\n<td>\u00abRechinga tu madre\u00bb<br>Voz: Francisco Arias<\/td>\n<td><a href=\"https:\/\/efhc.mx\/farias\" target=\"_blank\" rel=\"noopener noreferrer\"><img loading=\"lazy\" decoding=\"async\" class=\"center\" src=\"..\/..\/Sistema Resumen_archivos\/play_icon.gif\" alt=\"Play\" width=\"64\" height=\"64\"><\/a><\/td>\n<\/tr>\n<tr>\n<td>\u00abTampico tuyo y mio\u00bbLucero Deosdady, Emmanuel Herrera, Antonio Mora<\/td>\n<td><a href=\"https:\/\/efhc.mx\/Tampico\" target=\"_blank\" rel=\"noopener noreferrer\"><img loading=\"lazy\" decoding=\"async\" class=\"center\" src=\"..\/..\/Sistema Resumen_archivos\/play_icon.gif\" alt=\"Play\" width=\"64\" height=\"64\"><\/a><\/td>\n<\/tr>\n<tr>\n<td>Gente<\/td>\n<td><a href=\"https:\/\/efhc.mx\/gente\" target=\"_blank\" rel=\"noopener noreferrer\"><img loading=\"lazy\" decoding=\"async\" class=\"center\" src=\"..\/..\/Sistema Resumen_archivos\/play_icon.gif\" alt=\"Play\" width=\"64\" height=\"64\"><\/a><\/td>\n<\/tr>\n\n<tr>\n<td>\u00abFirmes cabr\u00f3n, firmes\u00bb<br>Voz: El gentleman de Ixtapaluca<\/td>\n<td><a href=\"https:\/\/efhc.mx\/firmesc\" target=\"_blank\" rel=\"noopener noreferrer\"><img loading=\"lazy\" decoding=\"async\" class=\"center\" src=\"..\/..\/Sistema Resumen_archivos\/play_icon.gif\" alt=\"Play\" width=\"64\" height=\"64\"><\/a><\/td>\n<\/tr>\n<tr>\n<td>\u00abA mi no me andes con mamadas!\u00bbVoz: El gentleman de Ixtapaluca<\/td>\n<td><a href=\"https:\/\/efhc.mx\/mamadas\" target=\"_blank\" rel=\"noopener noreferrer\"><img loading=\"lazy\" decoding=\"async\" class=\"center\" src=\"..\/..\/Sistema Resumen_archivos\/play_icon.gif\" alt=\"Play\" width=\"64\" height=\"64\"><\/a><\/td>\n<\/tr>\n<\/tbody>\n<\/table>\n<p>&nbsp;<\/p>\n","protected":false},"excerpt":{"rendered":"<p>EFHC.MX Editando audio digitalmente desde 1999 y video desde 2001 EFHC.MX ofrece sus servicios de edici\u00f3n de audio y video, grabaci\u00f3n de spots audio y video, autoria de DVD as\u00ed como tambi\u00e9n un servicio gratuito para agregar sonidos a tus Twitts en Twitter o en cualquier red social. MiniSFX Entrevistas, spots comerciales, documentales, trabajos escolares, [&hellip;]<\/p>\n","protected":false},"author":3,"featured_media":1056,"parent":0,"menu_order":2,"comment_status":"closed","ping_status":"closed","template":"","meta":{"sfsi_plus_gutenberg_text_before_share":"","sfsi_plus_gutenberg_show_text_before_share":"","sfsi_plus_gutenberg_icon_type":"","sfsi_plus_gutenberg_icon_alignemt":"","sfsi_plus_gutenburg_max_per_row":"","twitterCardType":"summary_large_image","cardImageID":0,"cardImage":"","cardTitle":"","cardDesc":"","cardImageAlt":"","cardPlayer":"","cardPlayerWidth":0,"cardPlayerHeight":0,"cardPlayerStream":"","cardPlayerCodec":"","footnotes":""},"class_list":["post-1353","page","type-page","status-publish","has-post-thumbnail","hentry"],"_links":{"self":[{"href":"https:\/\/efhc.mx\/wp\/wp-json\/wp\/v2\/pages\/1353","targetHints":{"allow":["GET"]}}],"collection":[{"href":"https:\/\/efhc.mx\/wp\/wp-json\/wp\/v2\/pages"}],"about":[{"href":"https:\/\/efhc.mx\/wp\/wp-json\/wp\/v2\/types\/page"}],"author":[{"embeddable":true,"href":"https:\/\/efhc.mx\/wp\/wp-json\/wp\/v2\/users\/3"}],"replies":[{"embeddable":true,"href":"https:\/\/efhc.mx\/wp\/wp-json\/wp\/v2\/comments?post=1353"}],"version-history":[{"count":0,"href":"https:\/\/efhc.mx\/wp\/wp-json\/wp\/v2\/pages\/1353\/revisions"}],"wp:featuredmedia":[{"embeddable":true,"href":"https:\/\/efhc.mx\/wp\/wp-json\/wp\/v2\/media\/1056"}],"wp:attachment":[{"href":"https:\/\/efhc.mx\/wp\/wp-json\/wp\/v2\/media?parent=1353"}],"curies":[{"name":"wp","href":"https:\/\/api.w.org\/{rel}","templated":true}]}}