{"id":1145,"date":"2015-08-21T00:41:35","date_gmt":"2015-08-21T05:41:35","guid":{"rendered":"http:\/\/efhc.mx\/wp\/?page_id=1145"},"modified":"2020-03-16T20:49:00","modified_gmt":"2020-03-17T02:49:00","slug":"minisfx","status":"publish","type":"page","link":"https:\/\/efhc.mx\/wp\/minisfx\/","title":{"rendered":"MiniSFX"},"content":{"rendered":"\n<p>&nbsp;<\/p>\n<p>Son enlaces a mini-p\u00e1ginas con efectos de sonido que puedes usar libremente en redes sociales como facebook, twitter, etc. para expresarte y comentar de una manera diferente.<\/p>\n<p>Simplemente escoge el que quieras, escuchalo, compartelo en la red de tu elecci\u00f3n y listo!<\/p>\n<p>Todos los aqu\u00ed incluidos tienen compatibilidad al 100% en Facebook y Twitter as\u00ed como en dispositivos m\u00f3viles.<\/p>\n<p>Dale un giro a tus conversaciones y comentarios \ud83d\ude09<\/p>\n<p>&nbsp;<\/p>\n<h2>Links<\/h2>\n<div align=\"center\">\n<style type=\u201dtext\/css\u201d>\nul {\nlist-style-type: None;  \ncolumn-count: 2;\n \n}\n<\/style>\n\n<ul>\n<li><a href=\"https:\/\/efhc.mx\/apend\/\" target=\"_blank\" rel=\"noopener noreferrer\"><img loading=\"lazy\" decoding=\"async\" src=\"https:\/\/efhc.mx\/apend\/apendp.png\" title=\"No te apendejes\" width=\"200\" height=\"134\" border=\"0\"><\/a><\/li>\n<li><a href=\"https:\/\/efhc.mx\/aycaramba\/\" target=\"_blank\" rel=\"noopener noreferrer\"><img loading=\"lazy\" decoding=\"async\" src=\"https:\/\/efhc.mx\/aycaramba\/aycarambap.png\" title=\"Ay caramba!\" width=\"200\" height=\"134\" border=\"0\"><\/a><\/li>\n\n<li><a href=\"https:\/\/efhc.mx\/barato\/\" target=\"_blank\" rel=\"noopener noreferrer\"><img decoding=\"async\" src=\"https:\/\/efhc.mx\/barato\/baratop.png\" title=\"Ay, pero es tan barato...\" width=\"200\" border=\"0\" loading=\"lazy\"><\/a><\/li>\n\n<li><a href=\"https:\/\/efhc.mx\/labebe\/\" target=\"_blank\" rel=\"noopener noreferrer\"><img loading=\"lazy\" decoding=\"async\" src=\"https:\/\/efhc.mx\/labebe\/ferrasp.png\" title=\"La bebe o la derrama\" width=\"200\" height=\"134\" border=\"0\"><\/a><\/li>\n<li><a href=\"https:\/\/efhc.mx\/buuu\/\" target=\"_blank\" rel=\"noopener noreferrer\"><img loading=\"lazy\" decoding=\"async\" src=\"https:\/\/efhc.mx\/buuu\/buuup.png\" title=\"Abucheo\" width=\"200\" height=\"150\" border=\"0\"><\/a><\/li>\n<li><a href=\"https:\/\/efhc.mx\/cerdo\/\" target=\"_blank\" rel=\"noopener noreferrer\"><img loading=\"lazy\" decoding=\"async\" src=\"https:\/\/efhc.mx\/cerdo\/pigplay.png\" title=\"Cerdo\" width=\"200\" height=\"210\" border=\"0\"><\/a><\/li>\n<li><a href=\"https:\/\/efhc.mx\/copela\/\" target=\"_blank\" rel=\"noopener noreferrer\"><img decoding=\"async\" src=\"https:\/\/efhc.mx\/copela\/zhenli%20ye%20gonp.png\" title=\"copela o cuellos\" width=\"200\" border=\"0\" loading=\"lazy\"><\/a><\/li>\n\n<li><a href=\"https:\/\/efhc.mx\/dale\/\" target=\"_blank\" rel=\"noopener noreferrer\"><img decoding=\"async\" src=\"https:\/\/efhc.mx\/dale\/fidel_herrera.png\" title=\"Dale a todos\" width=\"200\" border=\"0\" loading=\"lazy\"><\/a><\/li>\n\n<li><a href=\"https:\/\/efhc.mx\/quenomame\/\" target=\"_blank\" rel=\"noopener noreferrer\"><img decoding=\"async\" src=\"https:\/\/efhc.mx\/quenomame\/quenomamep.jpg\" title=\"D\u00edganle que no mame!\" width=\"200\" border=\"0\" loading=\"lazy\"><\/a><\/li>\n<li><a href=\"https:\/\/efhc.mx\/doh\/\" target=\"_blank\" rel=\"noopener noreferrer\"><img loading=\"lazy\" decoding=\"async\" src=\"https:\/\/efhc.mx\/doh\/dohp.png\" title=\"Doh\" width=\"200\" height=\"200\" border=\"0\"><\/a><\/li>\n\n<li><a href=\"https:\/\/efhc.mx\/elcacas\/\" target=\"_blank\" rel=\"noopener noreferrer\"><img decoding=\"async\" src=\"https:\/\/efhc.mx\/elcacas\/elcacas.png\" title=\"el cacas\" width=\"200\"  border=\"0\" loading=\"lazy\"><\/a><\/li>\n\n<li><a href=\"https:\/\/efhc.mx\/enoje\/\" target=\"_blank\" rel=\"noopener noreferrer\"><img loading=\"lazy\" decoding=\"async\" src=\"https:\/\/efhc.mx\/enoje\/chavop.jpg\" title=\"Bueno pero no se enoje\" width=\"200\" height=\"200\" border=\"0\"><\/a><\/li>\n\n<li><a href=\"https:\/\/efhc.mx\/esque\/\" target=\"_blank\" rel=\"noopener noreferrer\"><img loading=\"lazy\" decoding=\"async\" src=\"https:\/\/efhc.mx\/esque\/esquep.png\" title=\"Es que no me tienen paciencia...\" width=\"200\" height=\"200\" border=\"0\"><\/a><\/li>\n\n<li><a href=\"https:\/\/efhc.mx\/estagrasa\/\" target=\"_blank\" rel=\"noopener noreferrer\"><img loading=\"lazy\" decoding=\"async\" src=\"https:\/\/efhc.mx\/estagrasa\/estagrasap.png\" title=\"Esta grasa no se quita\" width=\"200\" height=\"134\" border=\"0\"><\/a><\/li>\n<li><a href=\"https:\/\/efhc.mx\/excelente\/\" target=\"_blank\" rel=\"noopener noreferrer\"><img loading=\"lazy\" decoding=\"async\" src=\"https:\/\/efhc.mx\/excelente\/excelentep.png\" title=\"Excelente\" width=\"200\" height=\"202\" border=\"0\"><\/a><\/li>\n<li><a href=\"https:\/\/efhc.mx\/flush\/\" target=\"_blank\" rel=\"noopener noreferrer\"><img decoding=\"async\" src=\"https:\/\/efhc.mx\/flush\/flushp.gif\" title=\"WC flush\" width=\"200\" border=\"0\" loading=\"lazy\"><\/a><\/li>\n<li><a href=\"https:\/\/efhc.mx\/fuchi\/\" target=\"_blank\" rel=\"noopener noreferrer\"><img decoding=\"async\" src=\"https:\/\/efhc.mx\/fuchi\/fuchigp.png\" title=\"fuchi, guacala\" width=\"200\" border=\"0\" loading=\"lazy\"><\/a><\/li>\n<li><a href=\"https:\/\/efhc.mx\/grillos\/\" target=\"_blank\" rel=\"noopener noreferrer\"><img loading=\"lazy\" decoding=\"async\" src=\"https:\/\/efhc.mx\/grillos\/grillo.png\" title=\"Grillos\" width=\"200\" height=\"200\" border=\"0\"><\/a><\/li>\n<li><a href=\"https:\/\/efhc.mx\/haha\" target=\"_blank\" rel=\"noopener noreferrer\"><img loading=\"lazy\" decoding=\"async\" src=\"https:\/\/efhc.mx\/haha\/nelsonp.png\" title=\"haha\" width=\"200\" height=\"200\" border=\"0\"><\/a><\/li>\n<li><a href=\"https:\/\/efhc.mx\/hbr\/\" target=\"_blank\" rel=\"noopener noreferrer\"><img loading=\"lazy\" decoding=\"async\" src=\"https:\/\/efhc.mx\/hbr\/pastelp.png\" title=\"Happy Birthday\" width=\"200\" height=\"239\" border=\"0\"><\/a><\/li>\n<li><a href=\"https:\/\/efhc.mx\/juai\/\" target=\"_blank\" rel=\"noopener noreferrer\"><img decoding=\"async\" src=\"https:\/\/efhc.mx\/juai\/juaip.png\" title=\"Juai de rito\" width=\"200\" border=\"0\" loading=\"lazy\"><\/a><\/li>\n\n<li><a href=\"https:\/\/efhc.mx\/lastima\/\" target=\"_blank\" rel=\"noopener noreferrer\"><img decoding=\"async\" src=\"https:\/\/efhc.mx\/lastima\/lastima.png\" title=\"L&aacute;stima Margarito! \" width=\"200\" border=\"0\" loading=\"lazy\"><\/a><\/li>\n\n<li><a href=\"https:\/\/efhc.mx\/miedo\/\" target=\"_blank\" rel=\"noopener noreferrer\"><img loading=\"lazy\" decoding=\"async\" src=\"https:\/\/efhc.mx\/miedo\/eltengomiedop.png\" title=\"El tengo miedo\" width=\"200\" height=\"263\" border=\"0\"><\/a><\/li>\n<li><a href=\"https:\/\/efhc.mx\/miau\/\" target=\"_blank\" rel=\"noopener noreferrer\"><img decoding=\"async\" src=\"https:\/\/efhc.mx\/miau\/gatop.png\" title=\"Miau\" width=\"200\" border=\"0\" loading=\"lazy\"><\/a><\/li>\n<li><a href=\"https:\/\/efhc.mx\/normal\/\" target=\"_blank\" rel=\"noopener noreferrer\"><img decoding=\"async\" src=\"https:\/\/efhc.mx\/normal\/normalp.png\" title=\"Por que no eres una ni\u00f1a normal\" width=\"200\" border=\"0\" loading=\"lazy\"><\/a><\/li>\n<li><a href=\"https:\/\/efhc.mx\/risa2\/\" target=\"_blank\" rel=\"noopener noreferrer\"><img loading=\"lazy\" decoding=\"async\" src=\"https:\/\/efhc.mx\/risa2\/homerop.png\" title=\"Risa Homero Simpson\" width=\"200\" height=\"216\" border=\"0\"><\/a><\/li>\n<li><a href=\"https:\/\/efhc.mx\/risagf\/\" target=\"_blank\" rel=\"noopener noreferrer\"><img loading=\"lazy\" decoding=\"async\" src=\"https:\/\/efhc.mx\/risagf\/felixp.png\" title=\"Risa del gato Felix\" width=\"200\" height=\"176\" border=\"0\"><\/a><\/li>\n<li><a href=\"https:\/\/efhc.mx\/risapulgoso\/\" target=\"_blank\" rel=\"noopener noreferrer\"><img loading=\"lazy\" decoding=\"async\" src=\"https:\/\/efhc.mx\/risapulgoso\/pulgosop.png\" title=\"Pulgoso\" width=\"200\" height=\"200\" border=\"0\"><\/a><\/li>\n<li><a href=\"https:\/\/efhc.mx\/silence\/\" target=\"_blank\" rel=\"noopener noreferrer\"><img loading=\"lazy\" decoding=\"async\" src=\"https:\/\/efhc.mx\/silence\/achmedp.png\" title=\"Achmed the dead terrorist. Silence I\u00b4ll kill you\" width=\"200\" height=\"261\" border=\"0\"><\/a><\/li>\n<li><a href=\"https:\/\/efhc.mx\/skeletor\/\" target=\"_blank\" rel=\"noopener noreferrer\"><img loading=\"lazy\" decoding=\"async\" src=\"https:\/\/efhc.mx\/skeletor\/skeletorp.jpg\" title=\"Risa de Skeletor\" width=\"200\" height=\"250\" border=\"0\"><\/a><\/li>\n<li><a href=\"https:\/\/efhc.mx\/tabla\/\" target=\"_blank\" rel=\"noopener noreferrer\"><img loading=\"lazy\" decoding=\"async\" src=\"https:\/\/efhc.mx\/tabla\/jasper2p.png\" title=\"Hay Tabla\" width=\"200\" height=\"326\" border=\"0\"><\/a><\/li>\n<li><a href=\"https:\/\/efhc.mx\/uta\/\" target=\"_blank\" rel=\"noopener noreferrer\"><img loading=\"lazy\" decoding=\"async\" src=\"https:\/\/efhc.mx\/uta\/royp.png\" title=\"uta que cagao\" width=\"200\" height=\"139\" border=\"0\"><\/a><\/li>\n<li><a href=\"https:\/\/efhc.mx\/vivamexicoc\/\" target=\"_blank\" rel=\"noopener noreferrer\"><img loading=\"lazy\" decoding=\"async\" src=\"https:\/\/efhc.mx\/vivamexicoc\/tillp.png\" title=\"Viva Mexico cabrones\" width=\"200\" height=\"139\" border=\"0\"><\/a><\/li>\n<li><a href=\"https:\/\/efhc.mx\/yahooo\/\" target=\"_blank\" rel=\"noopener noreferrer\"><img decoding=\"async\" src=\"https:\/\/efhc.mx\/yahooo\/yahooop.png\" title=\"yahooo\" width=\"200\" border=\"0\" loading=\"lazy\"><\/a><\/li>\n<\/ul>\n<\/div>\n<h2>Conclusiones:<\/h2>\n<p>Puedes hacer sugerencias para nuevos sonidos en los comentarios, siempre ser\u00e1n gratis. \ud83d\ude42<\/p>\n<p style=\"text-align: center;\"><strong>Ing. Emmanuel Fernando Herrera Cort\u00e9s.<\/strong><\/p>\n<p style=\"text-align: center;\"><a title=\"EFHC\" href=\"https:\/\/efhc.mx\" target=\"_blank\" rel=\"noopener noreferrer\"><img loading=\"lazy\" decoding=\"async\" title=\"EFHC\" src=\"https:\/\/efhc.mx\/wp\/wp-content\/uploads\/2010\/10\/efhc.jpg\" alt=\"EFHC\" width=\"57\" height=\"56\" align=\"absmiddle\"><\/a><\/p>\n","protected":false},"excerpt":{"rendered":"<p>&nbsp; Son enlaces a mini-p\u00e1ginas con efectos de sonido que puedes usar libremente en redes sociales como facebook, twitter, etc. para expresarte y comentar de una manera diferente. Simplemente escoge el que quieras, escuchalo, compartelo en la red de tu elecci\u00f3n y listo! Todos los aqu\u00ed incluidos tienen compatibilidad al 100% en Facebook y Twitter [&hellip;]<\/p>\n","protected":false},"author":3,"featured_media":1442,"parent":0,"menu_order":5,"comment_status":"closed","ping_status":"closed","template":"","meta":{"sfsi_plus_gutenberg_text_before_share":"","sfsi_plus_gutenberg_show_text_before_share":"","sfsi_plus_gutenberg_icon_type":"","sfsi_plus_gutenberg_icon_alignemt":"","sfsi_plus_gutenburg_max_per_row":"","twitterCardType":"summary_large_image","cardImageID":0,"cardImage":"https:\/\/efhc.mx\/wp\/wp-content\/uploads\/2015\/08\/vumeters-efhc.jpg","cardTitle":"","cardDesc":"","cardImageAlt":"","cardPlayer":"","cardPlayerWidth":0,"cardPlayerHeight":0,"cardPlayerStream":"","cardPlayerCodec":"","footnotes":""},"class_list":["post-1145","page","type-page","status-publish","has-post-thumbnail","hentry"],"_links":{"self":[{"href":"https:\/\/efhc.mx\/wp\/wp-json\/wp\/v2\/pages\/1145","targetHints":{"allow":["GET"]}}],"collection":[{"href":"https:\/\/efhc.mx\/wp\/wp-json\/wp\/v2\/pages"}],"about":[{"href":"https:\/\/efhc.mx\/wp\/wp-json\/wp\/v2\/types\/page"}],"author":[{"embeddable":true,"href":"https:\/\/efhc.mx\/wp\/wp-json\/wp\/v2\/users\/3"}],"replies":[{"embeddable":true,"href":"https:\/\/efhc.mx\/wp\/wp-json\/wp\/v2\/comments?post=1145"}],"version-history":[{"count":0,"href":"https:\/\/efhc.mx\/wp\/wp-json\/wp\/v2\/pages\/1145\/revisions"}],"wp:featuredmedia":[{"embeddable":true,"href":"https:\/\/efhc.mx\/wp\/wp-json\/wp\/v2\/media\/1442"}],"wp:attachment":[{"href":"https:\/\/efhc.mx\/wp\/wp-json\/wp\/v2\/media?parent=1145"}],"curies":[{"name":"wp","href":"https:\/\/api.w.org\/{rel}","templated":true}]}}